{"id":3,"date":"2022-09-26T10:45:02","date_gmt":"2022-09-26T13:45:02","guid":{"rendered":"https:\/\/nossareceita.com\/?page_id=3"},"modified":"2023-07-31T09:41:22","modified_gmt":"2023-07-31T12:41:22","slug":"politica-de-privacidade","status":"publish","type":"page","link":"https:\/\/nossareceita.com\/es\/politica-de-privacidade\/","title":{"rendered":"Pol\u00edticas de privacidad"},"content":{"rendered":"<html><body><h2 class=\"wp-block-heading\">pol\u00edtica de privacidad<\/h2>\n\n\n\n<p>Su privacidad es importante para nosotros. Es pol\u00edtica de ourreceita.com respetar su privacidad con respecto a cualquier informaci\u00f3n que podamos recopilar de usted en el sitio web.\u00a0<a href=\"https:\/\/nossareceita.com\/es\/\">nuestrareceta.com<\/a>y otros sitios que poseemos y operamos.<\/p>\n\n\n\n<p>Solo solicitamos informaci\u00f3n personal cuando realmente la necesitamos para brindarle un servicio. Lo hacemos por medios justos y legales, con su conocimiento y consentimiento. Tambi\u00e9n te contamos por qu\u00e9 lo recogemos y c\u00f3mo se utilizar\u00e1.<\/p>\n\n\n\n<p>Solo conservamos la informaci\u00f3n recopilada durante el tiempo necesario para proporcionar el servicio solicitado. Cuando almacenamos datos, los protegemos dentro de medios comercialmente aceptables para evitar p\u00e9rdidas y robos, as\u00ed como el acceso, divulgaci\u00f3n, copia, uso o modificaci\u00f3n no autorizados.<\/p>\n\n\n\n<p>No compartimos informaci\u00f3n de identificaci\u00f3n personal p\u00fablicamente ni con terceros, excepto cuando lo exija la ley.<\/p>\n\n\n\n<p>Nuestro sitio web puede tener enlaces a sitios web externos que no son operados por nosotros. Tenga en cuenta que no tenemos control sobre el contenido y las pr\u00e1cticas de estos sitios y no podemos aceptar responsabilidad por sus respectivos\u00a0<a href=\"https:\/\/politicaprivacidade.com\/\" rel=\"noreferrer noopener\" target=\"_blank\">pol\u00edticas de privacidad<\/a>.<\/p>\n\n\n\n<p>Usted es libre de rechazar nuestra solicitud de su informaci\u00f3n personal, en el entendido de que es posible que no podamos brindarle algunos de los servicios que desea.<\/p>\n\n\n\n<p>Su uso continuado de nuestro sitio web se considerar\u00e1 la aceptaci\u00f3n de nuestras pr\u00e1cticas en materia de privacidad e informaci\u00f3n personal. Si tiene alguna pregunta sobre c\u00f3mo manejamos los datos de los usuarios y la informaci\u00f3n personal, comun\u00edquese con nosotros.<\/p>\n\n\n\n<ul class=\"wp-block-list\">\n<li>El servicio Google AdSense que utilizamos para publicar publicidad utiliza una cookie de DoubleClick para mostrar anuncios m\u00e1s relevantes en la web y limitar la cantidad de veces que se le muestra un anuncio en particular.<\/li>\n\n\n\n<li>Para obtener m\u00e1s informaci\u00f3n sobre Google AdSense, consulte las preguntas frecuentes oficiales sobre privacidad de Google AdSense.<\/li>\n\n\n\n<li>Utilizamos anuncios para compensar los costos de funcionamiento de este sitio y proporcionar fondos para el desarrollo futuro. Las cookies de publicidad conductual utilizadas por este sitio est\u00e1n dise\u00f1adas para garantizar que le proporcionemos los anuncios m\u00e1s relevantes siempre que sea posible mediante el seguimiento an\u00f3nimo de sus intereses y la presentaci\u00f3n de cosas similares que puedan ser de su inter\u00e9s.<\/li>\n\n\n\n<li>Varios socios anuncian en nuestro nombre y las cookies de seguimiento de afiliados simplemente nos permiten ver si nuestros clientes han accedido al sitio a trav\u00e9s de uno de los sitios de nuestros socios para que podamos acreditarlos adecuadamente y, cuando corresponda, permitir a nuestros socios afiliados ofrecer cualquier promoci\u00f3n que puede proporcionarle para realizar una compra.<\/li>\n<\/ul>\n\n\n\n<h3 class=\"wp-block-heading\">Compromiso del usuario<\/h3>\n\n\n\n<p>El usuario se compromete a hacer un uso adecuado de los contenidos e informaci\u00f3n que ourreceita.com ofrece en el sitio web y con car\u00e1cter enunciativo pero no limitativo:<\/p>\n\n\n\n<ul class=\"wp-block-list\">\n<li>A) No realizar actividades il\u00edcitas o contrarias a la buena fe y al orden p\u00fablico;<\/li>\n\n\n\n<li>B) No difundir propaganda o contenidos de car\u00e1cter racista, xen\u00f3fobo, juegos de azar, cualquier tipo de pornograf\u00eda ilegal, de apoyo al terrorismo o contrarios a los derechos humanos;<\/li>\n\n\n\n<li>C) No provocar da\u00f1os en los sistemas f\u00edsicos (hardware) y l\u00f3gicos (software) de ourreceita.com, de sus proveedores o de terceras personas, introducir o difundir en la red virus inform\u00e1ticos o cualesquiera otros sistemas hardware o software que sean susceptibles de provocar los da\u00f1os anteriormente mencionados. .<\/li>\n<\/ul>\n\n\n\n<h3 class=\"wp-block-heading\">Mas informaciones<\/h3>\n\n\n\n<p>Esperemos que quede claro y, como se mencion\u00f3 anteriormente, si hay algo que no est\u00e1 seguro de necesitar o no, generalmente es m\u00e1s seguro dejar las cookies habilitadas en caso de que interact\u00fae con una de las funciones que utiliza en nuestro sitio.<\/p>\n<\/body><\/html>","protected":false},"excerpt":{"rendered":"<p>Pol\u00edtica de privacidad Su privacidad es importante para nosotros. Es pol\u00edtica de ourreceita.com respetar su privacidad con respecto a cualquier informaci\u00f3n que podamos recopilar de usted en el sitio web ourreceita.com y otros sitios que poseemos y operamos. Solo solicitamos informaci\u00f3n personal cuando realmente la necesitamos para brindarle un servicio. Lo hacemos por medios justos y legales, con [\u2026]<\/p>","protected":false},"author":30,"featured_media":0,"parent":0,"menu_order":0,"comment_status":"closed","ping_status":"closed","template":"","meta":{"footnotes":""},"class_list":["post-3","page","type-page","status-publish","hentry"],"yoast_head":"<!-- This site is optimized with the Yoast SEO plugin v27.3 - https:\/\/yoast.com\/product\/yoast-seo-wordpress\/ -->\n<title>Pol\u00edticas de Privacidade - Nossa Receita<\/title>\n<meta name=\"robots\" content=\"index, follow, max-snippet:-1, max-image-preview:large, max-video-preview:-1\" \/>\n<link rel=\"canonical\" href=\"https:\/\/nossareceita.com\/es\/politica-de-privacidade\/\" \/>\n<meta property=\"og:locale\" content=\"es_ES\" \/>\n<meta property=\"og:type\" content=\"article\" \/>\n<meta property=\"og:title\" content=\"Pol\u00edticas de Privacidade - Nossa Receita\" \/>\n<meta property=\"og:description\" content=\"Pol\u00edtica Privacidade A sua privacidade \u00e9 importante para n\u00f3s. \u00c9 pol\u00edtica do nossareceita.com respeitar a sua privacidade em rela\u00e7\u00e3o a qualquer informa\u00e7\u00e3o sua que possamos coletar no site\u00a0nossareceita.com, e outros sites que possu\u00edmos e operamos. Solicitamos informa\u00e7\u00f5es pessoais apenas quando realmente precisamos delas para lhe fornecer um servi\u00e7o. Fazemo-lo por meios justos e legais, com [&hellip;]\" \/>\n<meta property=\"og:url\" content=\"https:\/\/nossareceita.com\/es\/politica-de-privacidade\/\" \/>\n<meta property=\"og:site_name\" content=\"Nossa Receita\" \/>\n<meta property=\"article:modified_time\" content=\"2023-07-31T12:41:22+00:00\" \/>\n<meta name=\"twitter:card\" content=\"summary_large_image\" \/>\n<meta name=\"twitter:label1\" content=\"Est. reading time\" \/>\n\t<meta name=\"twitter:data1\" content=\"7 minutes\" \/>\n<script type=\"application\/ld+json\" class=\"yoast-schema-graph\">{\"@context\":\"https:\\\/\\\/schema.org\",\"@graph\":[{\"@type\":\"WebPage\",\"@id\":\"https:\\\/\\\/nossareceita.com\\\/politica-de-privacidade\\\/\",\"url\":\"https:\\\/\\\/nossareceita.com\\\/politica-de-privacidade\\\/\",\"name\":\"Pol\u00edticas de Privacidade - Nossa Receita\",\"isPartOf\":{\"@id\":\"https:\\\/\\\/nossareceita.com\\\/#website\"},\"datePublished\":\"2022-09-26T13:45:02+00:00\",\"dateModified\":\"2023-07-31T12:41:22+00:00\",\"breadcrumb\":{\"@id\":\"https:\\\/\\\/nossareceita.com\\\/politica-de-privacidade\\\/#breadcrumb\"},\"inLanguage\":\"es-ES\",\"potentialAction\":[{\"@type\":\"ReadAction\",\"target\":[\"https:\\\/\\\/nossareceita.com\\\/politica-de-privacidade\\\/\"]}]},{\"@type\":\"BreadcrumbList\",\"@id\":\"https:\\\/\\\/nossareceita.com\\\/politica-de-privacidade\\\/#breadcrumb\",\"itemListElement\":[{\"@type\":\"ListItem\",\"position\":1,\"name\":\"In\u00edcio\",\"item\":\"https:\\\/\\\/nossareceita.com\\\/\"},{\"@type\":\"ListItem\",\"position\":2,\"name\":\"Pol\u00edticas de Cookies e Privacidade\"}]},{\"@type\":\"WebSite\",\"@id\":\"https:\\\/\\\/nossareceita.com\\\/#website\",\"url\":\"https:\\\/\\\/nossareceita.com\\\/\",\"name\":\"Rec Conetc\",\"description\":\"Seu blog de Tecnologia e Entretenimento\",\"potentialAction\":[{\"@type\":\"SearchAction\",\"target\":{\"@type\":\"EntryPoint\",\"urlTemplate\":\"https:\\\/\\\/nossareceita.com\\\/?s={search_term_string}\"},\"query-input\":{\"@type\":\"PropertyValueSpecification\",\"valueRequired\":true,\"valueName\":\"search_term_string\"}}],\"inLanguage\":\"es-ES\"}]}<\/script>\n<!-- \/ Yoast SEO plugin. -->","yoast_head_json":{"title":"Pol\u00edticas de Privacidade - Nossa Receita","robots":{"index":"index","follow":"follow","max-snippet":"max-snippet:-1","max-image-preview":"max-image-preview:large","max-video-preview":"max-video-preview:-1"},"canonical":"https:\/\/nossareceita.com\/es\/politica-de-privacidade\/","og_locale":"es_ES","og_type":"article","og_title":"Pol\u00edticas de Privacidade - Nossa Receita","og_description":"Pol\u00edtica Privacidade A sua privacidade \u00e9 importante para n\u00f3s. \u00c9 pol\u00edtica do nossareceita.com respeitar a sua privacidade em rela\u00e7\u00e3o a qualquer informa\u00e7\u00e3o sua que possamos coletar no site\u00a0nossareceita.com, e outros sites que possu\u00edmos e operamos. Solicitamos informa\u00e7\u00f5es pessoais apenas quando realmente precisamos delas para lhe fornecer um servi\u00e7o. Fazemo-lo por meios justos e legais, com [&hellip;]","og_url":"https:\/\/nossareceita.com\/es\/politica-de-privacidade\/","og_site_name":"Nossa Receita","article_modified_time":"2023-07-31T12:41:22+00:00","twitter_card":"summary_large_image","twitter_misc":{"Est. reading time":"7 minutes"},"schema":{"@context":"https:\/\/schema.org","@graph":[{"@type":"WebPage","@id":"https:\/\/nossareceita.com\/politica-de-privacidade\/","url":"https:\/\/nossareceita.com\/politica-de-privacidade\/","name":"Pol\u00edticas de Privacidade - Nossa Receita","isPartOf":{"@id":"https:\/\/nossareceita.com\/#website"},"datePublished":"2022-09-26T13:45:02+00:00","dateModified":"2023-07-31T12:41:22+00:00","breadcrumb":{"@id":"https:\/\/nossareceita.com\/politica-de-privacidade\/#breadcrumb"},"inLanguage":"es-ES","potentialAction":[{"@type":"ReadAction","target":["https:\/\/nossareceita.com\/politica-de-privacidade\/"]}]},{"@type":"BreadcrumbList","@id":"https:\/\/nossareceita.com\/politica-de-privacidade\/#breadcrumb","itemListElement":[{"@type":"ListItem","position":1,"name":"In\u00edcio","item":"https:\/\/nossareceita.com\/"},{"@type":"ListItem","position":2,"name":"Pol\u00edticas de Cookies e Privacidade"}]},{"@type":"WebSite","@id":"https:\/\/nossareceita.com\/#website","url":"https:\/\/nossareceita.com\/","name":"Rec Conetc","description":"Seu blog de Tecnologia e Entretenimento","potentialAction":[{"@type":"SearchAction","target":{"@type":"EntryPoint","urlTemplate":"https:\/\/nossareceita.com\/?s={search_term_string}"},"query-input":{"@type":"PropertyValueSpecification","valueRequired":true,"valueName":"search_term_string"}}],"inLanguage":"es-ES"}]}},"_links":{"self":[{"href":"https:\/\/nossareceita.com\/es\/wp-json\/wp\/v2\/pages\/3","targetHints":{"allow":["GET"]}}],"collection":[{"href":"https:\/\/nossareceita.com\/es\/wp-json\/wp\/v2\/pages"}],"about":[{"href":"https:\/\/nossareceita.com\/es\/wp-json\/wp\/v2\/types\/page"}],"author":[{"embeddable":true,"href":"https:\/\/nossareceita.com\/es\/wp-json\/wp\/v2\/users\/30"}],"replies":[{"embeddable":true,"href":"https:\/\/nossareceita.com\/es\/wp-json\/wp\/v2\/comments?post=3"}],"version-history":[{"count":6,"href":"https:\/\/nossareceita.com\/es\/wp-json\/wp\/v2\/pages\/3\/revisions"}],"predecessor-version":[{"id":1604,"href":"https:\/\/nossareceita.com\/es\/wp-json\/wp\/v2\/pages\/3\/revisions\/1604"}],"wp:attachment":[{"href":"https:\/\/nossareceita.com\/es\/wp-json\/wp\/v2\/media?parent=3"}],"curies":[{"name":"wp","href":"https:\/\/api.w.org\/{rel}","templated":true}]}}