{"id":1606,"date":"2023-07-31T09:43:14","date_gmt":"2023-07-31T12:43:14","guid":{"rendered":"https:\/\/nossareceita.com\/?page_id=1606"},"modified":"2023-07-31T09:43:17","modified_gmt":"2023-07-31T12:43:17","slug":"transparencia","status":"publish","type":"page","link":"https:\/\/nossareceita.com\/es\/transparencia\/","title":{"rendered":"Transparencia"},"content":{"rendered":"<html><body><p><strong>Transparencia en nuestros ingresos<\/strong><\/p>\n\n\n\n<p>En Our Recipe, nuestra prioridad es brindar recetas de cocina deliciosas y confiables, as\u00ed como crear una comunidad donde los amantes de la cocina puedan compartir sus experiencias y pasi\u00f3n por la comida. En esta p\u00e1gina, queremos compartir nuestro enfoque transparente en cuanto a la obtenci\u00f3n de art\u00edculos, im\u00e1genes, comentarios y participaci\u00f3n y publicidad de afiliados en nuestro sitio.<\/p>\n\n\n\n<p><strong>Fuente de los art\u00edculos:<\/strong><\/p>\n\n\n\n<p>Todas las recetas culinarias presentadas en Nuestra Receta son cuidadosamente desarrolladas y probadas por nuestro equipo de chefs y cocineros especializados. Creemos en la importancia de brindar recetas aut\u00e9nticas y precisas, y nuestros profesionales trabajan duro para garantizar que cada receta sea clara, f\u00e1cil de seguir y, sobre todo, deliciosa. En algunos casos, tambi\u00e9n podemos incluir recetas enviadas por nuestra comunidad de lectores y siempre daremos el cr\u00e9dito correspondiente a los autores.<\/p>\n\n\n\n<p><strong>Fuente de la imagen:<\/strong><\/p>\n\n\n\n<p>Las im\u00e1genes que acompa\u00f1an nuestras recetas son fotografiadas por nuestro equipo o seleccionadas de bancos de im\u00e1genes con las licencias adecuadas, como Unsplash, Pixabay y Pexels. Siempre nos esforzamos por utilizar im\u00e1genes que cumplan con las licencias de uso y proporcionen los cr\u00e9ditos necesarios cuando corresponda.<\/p>\n\n\n\n<p><strong>Comentarios y participaci\u00f3n de los lectores:<\/strong><\/p>\n\n\n\n<p>Valoramos mucho la interacci\u00f3n con nuestros lectores y la comunidad culinaria. Los comentarios sobre nuestras recetas son bienvenidos y alentados. Nuestro equipo de moderaci\u00f3n monitorea los comentarios para garantizar que sean respetuosos, constructivos y \u00fatiles para todos los lectores. Adem\u00e1s, siempre estamos abiertos a sugerencias, consejos y variaciones de recetas que a nuestra comunidad le gustar\u00eda compartir.<\/p>\n\n\n\n<p><strong>Afiliados y Publicidad:<\/strong><\/p>\n\n\n\n<p>Para cubrir los costos operativos y mantener Nuestros Ingresos en funcionamiento, podemos participar en programas de afiliados y mostrar publicidad. Esto significa que podemos recibir una comisi\u00f3n cuando realiza una compra a trav\u00e9s de enlaces de afiliados en nuestras recetas. Sin embargo, queremos dejar claro que nuestra recomendaci\u00f3n de ingredientes, utensilios y productos se basa en la calidad y la idoneidad para los resultados deseados, y no en la generaci\u00f3n de ingresos a trav\u00e9s de afiliados.<\/p>\n\n\n\n<p>La publicidad mostrada en nuestro sitio se selecciona cuidadosamente para que sea relevante para nuestros lectores y no comprometa la experiencia del usuario. Nuestro objetivo es ofrecer anuncios que sean \u00fatiles y atractivos, pero siempre separamos claramente el contenido editorial del contenido patrocinado.<\/p>\n\n\n\n<p>Si tiene alguna pregunta espec\u00edfica sobre nuestra transparencia, programas de afiliados o publicidad, comun\u00edquese con nosotros. Nos comprometemos a brindar una experiencia de usuario transparente y agradable en Nuestra Receta.<\/p>\n\n\n\n<p>Agradecemos la confianza que deposita en nuestras recetas y contenido culinario. \u00a1Esperamos que disfrutes de las delicias culinarias de Nuestra Receta y te unas a nuestra comunidad de amantes de la comida!<\/p>\n<\/body><\/html>","protected":false},"excerpt":{"rendered":"<p>Transparencia en Our Recipe En Our Recipe nuestra prioridad es brindar recetas de cocina deliciosas y confiables, as\u00ed como crear una comunidad donde los amantes de la comida puedan compartir sus experiencias y pasi\u00f3n por la comida. En esta p\u00e1gina queremos compartir nuestro enfoque transparente sobre el origen de los art\u00edculos, la fuente de las im\u00e1genes, los comentarios y la participaci\u00f3n de [\u2026]<\/p>","protected":false},"author":30,"featured_media":0,"parent":0,"menu_order":0,"comment_status":"closed","ping_status":"closed","template":"","meta":{"footnotes":""},"class_list":["post-1606","page","type-page","status-publish","hentry"],"yoast_head":"<!-- This site is optimized with the Yoast SEO plugin v27.5 - https:\/\/yoast.com\/product\/yoast-seo-wordpress\/ -->\n<title>Transpar\u00eancia - Nossa Receita<\/title>\n<meta name=\"robots\" content=\"index, follow, max-snippet:-1, max-image-preview:large, max-video-preview:-1\" \/>\n<link rel=\"canonical\" href=\"https:\/\/nossareceita.com\/es\/transparencia\/\" \/>\n<meta property=\"og:locale\" content=\"es_ES\" \/>\n<meta property=\"og:type\" content=\"article\" \/>\n<meta property=\"og:title\" content=\"Transpar\u00eancia - Nossa Receita\" \/>\n<meta property=\"og:description\" content=\"Transpar\u00eancia no Nossa Receita No Nossa Receita, nossa prioridade \u00e9 fornecer receitas culin\u00e1rias deliciosas e confi\u00e1veis, al\u00e9m de criar uma comunidade onde os amantes da culin\u00e1ria possam compartilhar suas experi\u00eancias e paix\u00e3o pela comida. Nesta p\u00e1gina, queremos compartilhar nossa abordagem transparente em rela\u00e7\u00e3o \u00e0 origem dos artigos, fonte das imagens, coment\u00e1rios e a participa\u00e7\u00e3o de [&hellip;]\" \/>\n<meta property=\"og:url\" content=\"https:\/\/nossareceita.com\/es\/transparencia\/\" \/>\n<meta property=\"og:site_name\" content=\"Nossa Receita\" \/>\n<meta property=\"article:modified_time\" content=\"2023-07-31T12:43:17+00:00\" \/>\n<meta name=\"twitter:card\" content=\"summary_large_image\" \/>\n<meta name=\"twitter:label1\" content=\"Est. reading time\" \/>\n\t<meta name=\"twitter:data1\" content=\"2 minutes\" \/>\n<script type=\"application\/ld+json\" class=\"yoast-schema-graph\">{\"@context\":\"https:\\\/\\\/schema.org\",\"@graph\":[{\"@type\":\"WebPage\",\"@id\":\"https:\\\/\\\/nossareceita.com\\\/transparencia\\\/\",\"url\":\"https:\\\/\\\/nossareceita.com\\\/transparencia\\\/\",\"name\":\"Transpar\u00eancia - Nossa Receita\",\"isPartOf\":{\"@id\":\"https:\\\/\\\/nossareceita.com\\\/#website\"},\"datePublished\":\"2023-07-31T12:43:14+00:00\",\"dateModified\":\"2023-07-31T12:43:17+00:00\",\"breadcrumb\":{\"@id\":\"https:\\\/\\\/nossareceita.com\\\/transparencia\\\/#breadcrumb\"},\"inLanguage\":\"es-ES\",\"potentialAction\":[{\"@type\":\"ReadAction\",\"target\":[\"https:\\\/\\\/nossareceita.com\\\/transparencia\\\/\"]}]},{\"@type\":\"BreadcrumbList\",\"@id\":\"https:\\\/\\\/nossareceita.com\\\/transparencia\\\/#breadcrumb\",\"itemListElement\":[{\"@type\":\"ListItem\",\"position\":1,\"name\":\"In\u00edcio\",\"item\":\"https:\\\/\\\/nossareceita.com\\\/\"},{\"@type\":\"ListItem\",\"position\":2,\"name\":\"Transpar\u00eancia\"}]},{\"@type\":\"WebSite\",\"@id\":\"https:\\\/\\\/nossareceita.com\\\/#website\",\"url\":\"https:\\\/\\\/nossareceita.com\\\/\",\"name\":\"Rec Conetc\",\"description\":\"Seu blog de Tecnologia e Entretenimento\",\"potentialAction\":[{\"@type\":\"SearchAction\",\"target\":{\"@type\":\"EntryPoint\",\"urlTemplate\":\"https:\\\/\\\/nossareceita.com\\\/?s={search_term_string}\"},\"query-input\":{\"@type\":\"PropertyValueSpecification\",\"valueRequired\":true,\"valueName\":\"search_term_string\"}}],\"inLanguage\":\"es-ES\"}]}<\/script>\n<!-- \/ Yoast SEO plugin. -->","yoast_head_json":{"title":"Transpar\u00eancia - Nossa Receita","robots":{"index":"index","follow":"follow","max-snippet":"max-snippet:-1","max-image-preview":"max-image-preview:large","max-video-preview":"max-video-preview:-1"},"canonical":"https:\/\/nossareceita.com\/es\/transparencia\/","og_locale":"es_ES","og_type":"article","og_title":"Transpar\u00eancia - Nossa Receita","og_description":"Transpar\u00eancia no Nossa Receita No Nossa Receita, nossa prioridade \u00e9 fornecer receitas culin\u00e1rias deliciosas e confi\u00e1veis, al\u00e9m de criar uma comunidade onde os amantes da culin\u00e1ria possam compartilhar suas experi\u00eancias e paix\u00e3o pela comida. Nesta p\u00e1gina, queremos compartilhar nossa abordagem transparente em rela\u00e7\u00e3o \u00e0 origem dos artigos, fonte das imagens, coment\u00e1rios e a participa\u00e7\u00e3o de [&hellip;]","og_url":"https:\/\/nossareceita.com\/es\/transparencia\/","og_site_name":"Nossa Receita","article_modified_time":"2023-07-31T12:43:17+00:00","twitter_card":"summary_large_image","twitter_misc":{"Est. reading time":"2 minutes"},"schema":{"@context":"https:\/\/schema.org","@graph":[{"@type":"WebPage","@id":"https:\/\/nossareceita.com\/transparencia\/","url":"https:\/\/nossareceita.com\/transparencia\/","name":"Transpar\u00eancia - Nossa Receita","isPartOf":{"@id":"https:\/\/nossareceita.com\/#website"},"datePublished":"2023-07-31T12:43:14+00:00","dateModified":"2023-07-31T12:43:17+00:00","breadcrumb":{"@id":"https:\/\/nossareceita.com\/transparencia\/#breadcrumb"},"inLanguage":"es-ES","potentialAction":[{"@type":"ReadAction","target":["https:\/\/nossareceita.com\/transparencia\/"]}]},{"@type":"BreadcrumbList","@id":"https:\/\/nossareceita.com\/transparencia\/#breadcrumb","itemListElement":[{"@type":"ListItem","position":1,"name":"In\u00edcio","item":"https:\/\/nossareceita.com\/"},{"@type":"ListItem","position":2,"name":"Transpar\u00eancia"}]},{"@type":"WebSite","@id":"https:\/\/nossareceita.com\/#website","url":"https:\/\/nossareceita.com\/","name":"Rec Conetc","description":"Seu blog de Tecnologia e Entretenimento","potentialAction":[{"@type":"SearchAction","target":{"@type":"EntryPoint","urlTemplate":"https:\/\/nossareceita.com\/?s={search_term_string}"},"query-input":{"@type":"PropertyValueSpecification","valueRequired":true,"valueName":"search_term_string"}}],"inLanguage":"es-ES"}]}},"_links":{"self":[{"href":"https:\/\/nossareceita.com\/es\/wp-json\/wp\/v2\/pages\/1606","targetHints":{"allow":["GET"]}}],"collection":[{"href":"https:\/\/nossareceita.com\/es\/wp-json\/wp\/v2\/pages"}],"about":[{"href":"https:\/\/nossareceita.com\/es\/wp-json\/wp\/v2\/types\/page"}],"author":[{"embeddable":true,"href":"https:\/\/nossareceita.com\/es\/wp-json\/wp\/v2\/users\/30"}],"replies":[{"embeddable":true,"href":"https:\/\/nossareceita.com\/es\/wp-json\/wp\/v2\/comments?post=1606"}],"version-history":[{"count":1,"href":"https:\/\/nossareceita.com\/es\/wp-json\/wp\/v2\/pages\/1606\/revisions"}],"predecessor-version":[{"id":1607,"href":"https:\/\/nossareceita.com\/es\/wp-json\/wp\/v2\/pages\/1606\/revisions\/1607"}],"wp:attachment":[{"href":"https:\/\/nossareceita.com\/es\/wp-json\/wp\/v2\/media?parent=1606"}],"curies":[{"name":"wp","href":"https:\/\/api.w.org\/{rel}","templated":true}]}}