{"id":2,"date":"2022-09-26T10:45:02","date_gmt":"2022-09-26T13:45:02","guid":{"rendered":"https:\/\/nossareceita.com\/?page_id=2"},"modified":"2022-11-04T16:45:39","modified_gmt":"2022-11-04T19:45:39","slug":"sobre-nos","status":"publish","type":"page","link":"https:\/\/nossareceita.com\/en\/sobre-nos\/","title":{"rendered":"About Us"},"content":{"rendered":"<html><body><div class=\"wp-block-image\">\n<figure class=\"aligncenter size-full\"><img decoding=\"async\" src=\"\/wp-content\/imgs-converts\/2022\/09\/logo-final-sm.webp\" alt=\"\" class=\"wp-image-240\"><\/figure>\n<\/div>\n\n\n<p>The website minhareceita.com is a website that brings you the most delicious and innovative food in the world, available on the internet.<br>Motivated to bring quality and mainly truthful content, we analyze the taste of each new visitor and based on the results of this analysis, we decide \u201cthe new dish that will be served on our portal\u201d. Always stay connected.<\/p>\n\n\n\n<h2 class=\"wp-block-heading\"><strong>About the motivations of our Site.<\/strong><\/h2>\n\n\n<div class=\"wp-block-image\">\n<figure class=\"aligncenter size-full is-resized\"><img loading=\"lazy\" decoding=\"async\" src=\"\/wp-content\/imgs-converts\/2022\/11\/Sem-Titulo-7.webp\" alt=\"\" class=\"wp-image-594\" width=\"312\" height=\"314\"><figcaption>Selma Silva dos Anjos<\/figcaption><\/figure>\n<\/div>\n\n\n<p>Motivated to share my cooking knowledge, acquired on my travels, this blog provides visitors with practical and perfect recipes for everyday life. Whether it&#039;s a super busy day, where we don&#039;t even have time to breathe, or a calm day at home, here you&#039;ll find the ideal recipe for it.<\/p>\n\n\n\n<p>Feel free to do each of them. Share the ones you liked most, and always stay tuned for more news. <\/p>\n<\/body><\/html>","protected":false},"excerpt":{"rendered":"<p>The website minhareceita.com is a website that brings you the most delicious and innovative in the world of cuisine, available on the internet. Motivated to bring quality and mainly truthful content, we analyze the taste of each new visitor and based on the results From this analysis, we decided \u201cthe new dish that will be served in our [\u2026]<\/p>","protected":false},"author":30,"featured_media":0,"parent":0,"menu_order":0,"comment_status":"closed","ping_status":"closed","template":"","meta":{"footnotes":""},"class_list":["post-2","page","type-page","status-publish","hentry"],"yoast_head":"<!-- This site is optimized with the Yoast SEO plugin v27.3 - https:\/\/yoast.com\/product\/yoast-seo-wordpress\/ -->\n<title>Sobre N\u00f3s - Nossa Receita<\/title>\n<meta name=\"robots\" content=\"index, follow, max-snippet:-1, max-image-preview:large, max-video-preview:-1\" \/>\n<link rel=\"canonical\" href=\"https:\/\/nossareceita.com\/en\/sobre-nos\/\" \/>\n<meta property=\"og:locale\" content=\"en_US\" \/>\n<meta property=\"og:type\" content=\"article\" \/>\n<meta property=\"og:title\" content=\"Sobre N\u00f3s - Nossa Receita\" \/>\n<meta property=\"og:description\" content=\"O site nossareceita.com \u00e9 um site que leva at\u00e9 voc\u00ea o que h\u00e1 de mais delicioso e inovador no mundo da culin\u00e1ria, disponivel na internet.Motivados em trazer conte\u00fado de qualidades e principalmente ver\u00eddico, analizamos o gosto de cada novo visitante e baseado nos resultados dessa analise, decidimos \u201co novo prato que ser\u00e1 servido em nosso [&hellip;]\" \/>\n<meta property=\"og:url\" content=\"https:\/\/nossareceita.com\/en\/sobre-nos\/\" \/>\n<meta property=\"og:site_name\" content=\"Nossa Receita\" \/>\n<meta property=\"article:modified_time\" content=\"2022-11-04T19:45:39+00:00\" \/>\n<meta property=\"og:image\" content=\"https:\/\/nossareceita.com\/wp-content\/uploads\/2022\/09\/logo-final-sm.png\" \/>\n<meta name=\"twitter:card\" content=\"summary_large_image\" \/>\n<meta name=\"twitter:label1\" content=\"Est. reading time\" \/>\n\t<meta name=\"twitter:data1\" content=\"2 minutes\" \/>\n<script type=\"application\/ld+json\" class=\"yoast-schema-graph\">{\"@context\":\"https:\\\/\\\/schema.org\",\"@graph\":[{\"@type\":\"WebPage\",\"@id\":\"https:\\\/\\\/nossareceita.com\\\/sobre-nos\\\/\",\"url\":\"https:\\\/\\\/nossareceita.com\\\/sobre-nos\\\/\",\"name\":\"Sobre N\u00f3s - Nossa Receita\",\"isPartOf\":{\"@id\":\"https:\\\/\\\/nossareceita.com\\\/#website\"},\"primaryImageOfPage\":{\"@id\":\"https:\\\/\\\/nossareceita.com\\\/sobre-nos\\\/#primaryimage\"},\"image\":{\"@id\":\"https:\\\/\\\/nossareceita.com\\\/sobre-nos\\\/#primaryimage\"},\"thumbnailUrl\":\"https:\\\/\\\/nossareceita.com\\\/wp-content\\\/uploads\\\/2022\\\/09\\\/logo-final-sm.png\",\"datePublished\":\"2022-09-26T13:45:02+00:00\",\"dateModified\":\"2022-11-04T19:45:39+00:00\",\"breadcrumb\":{\"@id\":\"https:\\\/\\\/nossareceita.com\\\/sobre-nos\\\/#breadcrumb\"},\"inLanguage\":\"en-US\",\"potentialAction\":[{\"@type\":\"ReadAction\",\"target\":[\"https:\\\/\\\/nossareceita.com\\\/sobre-nos\\\/\"]}]},{\"@type\":\"ImageObject\",\"inLanguage\":\"en-US\",\"@id\":\"https:\\\/\\\/nossareceita.com\\\/sobre-nos\\\/#primaryimage\",\"url\":\"https:\\\/\\\/nossareceita.com\\\/wp-content\\\/uploads\\\/2022\\\/09\\\/logo-final-sm.png\",\"contentUrl\":\"https:\\\/\\\/nossareceita.com\\\/wp-content\\\/uploads\\\/2022\\\/09\\\/logo-final-sm.png\"},{\"@type\":\"BreadcrumbList\",\"@id\":\"https:\\\/\\\/nossareceita.com\\\/sobre-nos\\\/#breadcrumb\",\"itemListElement\":[{\"@type\":\"ListItem\",\"position\":1,\"name\":\"In\u00edcio\",\"item\":\"https:\\\/\\\/nossareceita.com\\\/\"},{\"@type\":\"ListItem\",\"position\":2,\"name\":\"Sobre N\u00f3s\"}]},{\"@type\":\"WebSite\",\"@id\":\"https:\\\/\\\/nossareceita.com\\\/#website\",\"url\":\"https:\\\/\\\/nossareceita.com\\\/\",\"name\":\"Rec Conetc\",\"description\":\"Seu blog de Tecnologia e Entretenimento\",\"potentialAction\":[{\"@type\":\"SearchAction\",\"target\":{\"@type\":\"EntryPoint\",\"urlTemplate\":\"https:\\\/\\\/nossareceita.com\\\/?s={search_term_string}\"},\"query-input\":{\"@type\":\"PropertyValueSpecification\",\"valueRequired\":true,\"valueName\":\"search_term_string\"}}],\"inLanguage\":\"en-US\"}]}<\/script>\n<!-- \/ Yoast SEO plugin. -->","yoast_head_json":{"title":"Sobre N\u00f3s - Nossa Receita","robots":{"index":"index","follow":"follow","max-snippet":"max-snippet:-1","max-image-preview":"max-image-preview:large","max-video-preview":"max-video-preview:-1"},"canonical":"https:\/\/nossareceita.com\/en\/sobre-nos\/","og_locale":"en_US","og_type":"article","og_title":"Sobre N\u00f3s - Nossa Receita","og_description":"O site nossareceita.com \u00e9 um site que leva at\u00e9 voc\u00ea o que h\u00e1 de mais delicioso e inovador no mundo da culin\u00e1ria, disponivel na internet.Motivados em trazer conte\u00fado de qualidades e principalmente ver\u00eddico, analizamos o gosto de cada novo visitante e baseado nos resultados dessa analise, decidimos \u201co novo prato que ser\u00e1 servido em nosso [&hellip;]","og_url":"https:\/\/nossareceita.com\/en\/sobre-nos\/","og_site_name":"Nossa Receita","article_modified_time":"2022-11-04T19:45:39+00:00","og_image":[{"url":"https:\/\/nossareceita.com\/wp-content\/uploads\/2022\/09\/logo-final-sm.png","type":"","width":"","height":""}],"twitter_card":"summary_large_image","twitter_misc":{"Est. reading time":"2 minutes"},"schema":{"@context":"https:\/\/schema.org","@graph":[{"@type":"WebPage","@id":"https:\/\/nossareceita.com\/sobre-nos\/","url":"https:\/\/nossareceita.com\/sobre-nos\/","name":"Sobre N\u00f3s - Nossa Receita","isPartOf":{"@id":"https:\/\/nossareceita.com\/#website"},"primaryImageOfPage":{"@id":"https:\/\/nossareceita.com\/sobre-nos\/#primaryimage"},"image":{"@id":"https:\/\/nossareceita.com\/sobre-nos\/#primaryimage"},"thumbnailUrl":"https:\/\/nossareceita.com\/wp-content\/uploads\/2022\/09\/logo-final-sm.png","datePublished":"2022-09-26T13:45:02+00:00","dateModified":"2022-11-04T19:45:39+00:00","breadcrumb":{"@id":"https:\/\/nossareceita.com\/sobre-nos\/#breadcrumb"},"inLanguage":"en-US","potentialAction":[{"@type":"ReadAction","target":["https:\/\/nossareceita.com\/sobre-nos\/"]}]},{"@type":"ImageObject","inLanguage":"en-US","@id":"https:\/\/nossareceita.com\/sobre-nos\/#primaryimage","url":"https:\/\/nossareceita.com\/wp-content\/uploads\/2022\/09\/logo-final-sm.png","contentUrl":"https:\/\/nossareceita.com\/wp-content\/uploads\/2022\/09\/logo-final-sm.png"},{"@type":"BreadcrumbList","@id":"https:\/\/nossareceita.com\/sobre-nos\/#breadcrumb","itemListElement":[{"@type":"ListItem","position":1,"name":"In\u00edcio","item":"https:\/\/nossareceita.com\/"},{"@type":"ListItem","position":2,"name":"Sobre N\u00f3s"}]},{"@type":"WebSite","@id":"https:\/\/nossareceita.com\/#website","url":"https:\/\/nossareceita.com\/","name":"Rec Conetc","description":"Seu blog de Tecnologia e Entretenimento","potentialAction":[{"@type":"SearchAction","target":{"@type":"EntryPoint","urlTemplate":"https:\/\/nossareceita.com\/?s={search_term_string}"},"query-input":{"@type":"PropertyValueSpecification","valueRequired":true,"valueName":"search_term_string"}}],"inLanguage":"en-US"}]}},"_links":{"self":[{"href":"https:\/\/nossareceita.com\/en\/wp-json\/wp\/v2\/pages\/2","targetHints":{"allow":["GET"]}}],"collection":[{"href":"https:\/\/nossareceita.com\/en\/wp-json\/wp\/v2\/pages"}],"about":[{"href":"https:\/\/nossareceita.com\/en\/wp-json\/wp\/v2\/types\/page"}],"author":[{"embeddable":true,"href":"https:\/\/nossareceita.com\/en\/wp-json\/wp\/v2\/users\/30"}],"replies":[{"embeddable":true,"href":"https:\/\/nossareceita.com\/en\/wp-json\/wp\/v2\/comments?post=2"}],"version-history":[{"count":6,"href":"https:\/\/nossareceita.com\/en\/wp-json\/wp\/v2\/pages\/2\/revisions"}],"predecessor-version":[{"id":602,"href":"https:\/\/nossareceita.com\/en\/wp-json\/wp\/v2\/pages\/2\/revisions\/602"}],"wp:attachment":[{"href":"https:\/\/nossareceita.com\/en\/wp-json\/wp\/v2\/media?parent=2"}],"curies":[{"name":"wp","href":"https:\/\/api.w.org\/{rel}","templated":true}]}}