{"id":124,"date":"2015-11-20T17:30:15","date_gmt":"2015-11-20T19:30:15","guid":{"rendered":"http:\/\/localhost\/fame\/codilight-pro\/?page_id=2"},"modified":"2023-05-08T11:10:55","modified_gmt":"2023-05-08T14:10:55","slug":"fale-conosco","status":"publish","type":"page","link":"https:\/\/nossareceita.com\/en\/fale-conosco\/","title":{"rendered":"Contact us"},"content":{"rendered":"<html><body><p>Our priority is to be available to our visitors. Use the form below to communicate with our editorial team. Feel free to leave your criticisms and suggestions.<\/p>\n\n\n\n<div class=\"wp-block-contact-form-7-contact-form-selector\">[contact-form-7 id=\u201d230\u2033 title=\u201dContact Form 1\u2033]<\/div>\n<\/body><\/html>","protected":false},"excerpt":{"rendered":"<p>Our priority is to be available to our visitors. Use the form below to communicate with our editorial team. Feel free to leave your criticisms and suggestions.<\/p>","protected":false},"author":2,"featured_media":0,"parent":0,"menu_order":0,"comment_status":"closed","ping_status":"closed","template":"template-contato.php","meta":{"footnotes":""},"class_list":["post-124","page","type-page","status-publish","hentry"],"yoast_head":"<!-- This site is optimized with the Yoast SEO plugin v27.3 - https:\/\/yoast.com\/product\/yoast-seo-wordpress\/ -->\n<title>Fale Conosco - Nossa Receita<\/title>\n<meta name=\"robots\" content=\"index, follow, max-snippet:-1, max-image-preview:large, max-video-preview:-1\" \/>\n<link rel=\"canonical\" href=\"https:\/\/nossareceita.com\/en\/fale-conosco\/\" \/>\n<meta property=\"og:locale\" content=\"en_US\" \/>\n<meta property=\"og:type\" content=\"article\" \/>\n<meta property=\"og:title\" content=\"Fale Conosco - Nossa Receita\" \/>\n<meta property=\"og:description\" content=\"Temos como prioridade estar diponivel para nossos visitantes. Utilize o formul\u00e1rio abaixo para se comunicar com nossa reda\u00e7\u00e3o. Fique a vontade para deixar suas criticas e sugest\u00f5es.\" \/>\n<meta property=\"og:url\" content=\"https:\/\/nossareceita.com\/en\/fale-conosco\/\" \/>\n<meta property=\"og:site_name\" content=\"Nossa Receita\" \/>\n<meta property=\"article:modified_time\" content=\"2023-05-08T14:10:55+00:00\" \/>\n<meta name=\"twitter:card\" content=\"summary_large_image\" \/>\n<meta name=\"twitter:label1\" content=\"Est. reading time\" \/>\n\t<meta name=\"twitter:data1\" content=\"1 minute\" \/>\n<script type=\"application\/ld+json\" class=\"yoast-schema-graph\">{\"@context\":\"https:\\\/\\\/schema.org\",\"@graph\":[{\"@type\":\"WebPage\",\"@id\":\"https:\\\/\\\/nossareceita.com\\\/fale-conosco\\\/\",\"url\":\"https:\\\/\\\/nossareceita.com\\\/fale-conosco\\\/\",\"name\":\"Fale Conosco - Nossa Receita\",\"isPartOf\":{\"@id\":\"https:\\\/\\\/nossareceita.com\\\/#website\"},\"datePublished\":\"2015-11-20T19:30:15+00:00\",\"dateModified\":\"2023-05-08T14:10:55+00:00\",\"breadcrumb\":{\"@id\":\"https:\\\/\\\/nossareceita.com\\\/fale-conosco\\\/#breadcrumb\"},\"inLanguage\":\"en-US\",\"potentialAction\":[{\"@type\":\"ReadAction\",\"target\":[\"https:\\\/\\\/nossareceita.com\\\/fale-conosco\\\/\"]}]},{\"@type\":\"BreadcrumbList\",\"@id\":\"https:\\\/\\\/nossareceita.com\\\/fale-conosco\\\/#breadcrumb\",\"itemListElement\":[{\"@type\":\"ListItem\",\"position\":1,\"name\":\"In\u00edcio\",\"item\":\"https:\\\/\\\/nossareceita.com\\\/\"},{\"@type\":\"ListItem\",\"position\":2,\"name\":\"Fale Conosco\"}]},{\"@type\":\"WebSite\",\"@id\":\"https:\\\/\\\/nossareceita.com\\\/#website\",\"url\":\"https:\\\/\\\/nossareceita.com\\\/\",\"name\":\"Rec Conetc\",\"description\":\"Seu blog de Tecnologia e Entretenimento\",\"potentialAction\":[{\"@type\":\"SearchAction\",\"target\":{\"@type\":\"EntryPoint\",\"urlTemplate\":\"https:\\\/\\\/nossareceita.com\\\/?s={search_term_string}\"},\"query-input\":{\"@type\":\"PropertyValueSpecification\",\"valueRequired\":true,\"valueName\":\"search_term_string\"}}],\"inLanguage\":\"en-US\"}]}<\/script>\n<!-- \/ Yoast SEO plugin. -->","yoast_head_json":{"title":"Fale Conosco - Nossa Receita","robots":{"index":"index","follow":"follow","max-snippet":"max-snippet:-1","max-image-preview":"max-image-preview:large","max-video-preview":"max-video-preview:-1"},"canonical":"https:\/\/nossareceita.com\/en\/fale-conosco\/","og_locale":"en_US","og_type":"article","og_title":"Fale Conosco - Nossa Receita","og_description":"Temos como prioridade estar diponivel para nossos visitantes. Utilize o formul\u00e1rio abaixo para se comunicar com nossa reda\u00e7\u00e3o. Fique a vontade para deixar suas criticas e sugest\u00f5es.","og_url":"https:\/\/nossareceita.com\/en\/fale-conosco\/","og_site_name":"Nossa Receita","article_modified_time":"2023-05-08T14:10:55+00:00","twitter_card":"summary_large_image","twitter_misc":{"Est. reading time":"1 minute"},"schema":{"@context":"https:\/\/schema.org","@graph":[{"@type":"WebPage","@id":"https:\/\/nossareceita.com\/fale-conosco\/","url":"https:\/\/nossareceita.com\/fale-conosco\/","name":"Fale Conosco - Nossa Receita","isPartOf":{"@id":"https:\/\/nossareceita.com\/#website"},"datePublished":"2015-11-20T19:30:15+00:00","dateModified":"2023-05-08T14:10:55+00:00","breadcrumb":{"@id":"https:\/\/nossareceita.com\/fale-conosco\/#breadcrumb"},"inLanguage":"en-US","potentialAction":[{"@type":"ReadAction","target":["https:\/\/nossareceita.com\/fale-conosco\/"]}]},{"@type":"BreadcrumbList","@id":"https:\/\/nossareceita.com\/fale-conosco\/#breadcrumb","itemListElement":[{"@type":"ListItem","position":1,"name":"In\u00edcio","item":"https:\/\/nossareceita.com\/"},{"@type":"ListItem","position":2,"name":"Fale Conosco"}]},{"@type":"WebSite","@id":"https:\/\/nossareceita.com\/#website","url":"https:\/\/nossareceita.com\/","name":"Rec Conetc","description":"Seu blog de Tecnologia e Entretenimento","potentialAction":[{"@type":"SearchAction","target":{"@type":"EntryPoint","urlTemplate":"https:\/\/nossareceita.com\/?s={search_term_string}"},"query-input":{"@type":"PropertyValueSpecification","valueRequired":true,"valueName":"search_term_string"}}],"inLanguage":"en-US"}]}},"_links":{"self":[{"href":"https:\/\/nossareceita.com\/en\/wp-json\/wp\/v2\/pages\/124","targetHints":{"allow":["GET"]}}],"collection":[{"href":"https:\/\/nossareceita.com\/en\/wp-json\/wp\/v2\/pages"}],"about":[{"href":"https:\/\/nossareceita.com\/en\/wp-json\/wp\/v2\/types\/page"}],"author":[{"embeddable":true,"href":"https:\/\/nossareceita.com\/en\/wp-json\/wp\/v2\/users\/2"}],"replies":[{"embeddable":true,"href":"https:\/\/nossareceita.com\/en\/wp-json\/wp\/v2\/comments?post=124"}],"version-history":[{"count":2,"href":"https:\/\/nossareceita.com\/en\/wp-json\/wp\/v2\/pages\/124\/revisions"}],"predecessor-version":[{"id":248,"href":"https:\/\/nossareceita.com\/en\/wp-json\/wp\/v2\/pages\/124\/revisions\/248"}],"wp:attachment":[{"href":"https:\/\/nossareceita.com\/en\/wp-json\/wp\/v2\/media?parent=124"}],"curies":[{"name":"wp","href":"https:\/\/api.w.org\/{rel}","templated":true}]}}